{"id":12522,"date":"2022-10-30T20:50:08","date_gmt":"2022-10-30T20:50:08","guid":{"rendered":"https:\/\/karefitness.com\/?post_type=product&#038;p=12522"},"modified":"2022-10-30T20:50:22","modified_gmt":"2022-10-30T20:50:22","slug":"orientacion-nutricional","status":"publish","type":"product","link":"https:\/\/karefitness.com\/en\/product\/orientacion-nutricional\/","title":{"rendered":"Orientaci\u00f3n Nutricional"},"content":{"rendered":"","protected":false},"excerpt":{"rendered":"<p>Aprende a comer y no sigas m\u00e1s dietas. En \u00e9ste programa de 12 semanas te ense\u00f1o a comer acorde a un estilo de vida fitness para que no dependas de dietas restrictivas, planes alimenticios ni tendencias nutricionales. Al cabo de estas 12 semanas aprender\u00e1s sobre macronutrientes, micronutrientes, h\u00e1bitos alimenticios, hidrataci\u00f3n, ansiedad y todos los aspectos necesarios para que puedas seleccionar los mejores alimentos en las cantidades necesarias para que puedas lograr tus objetivos de manera flexible.<\/p>\n<p>Este servicio no es, ni incluye, plan nutricional. Mi meta no es decirte exactamente que comer sino que puedas tomar las mejores decisiones nutricionales, d\u00eda a d\u00eda, para que no necesites dietas, retos, planes alimenticios ni mucho menos pasar hambre. Si lo que buscas es un plan detallado de qu\u00e9 comer, en qu\u00e9 cantidades y a qu\u00e9 horas, no lo conseguir\u00e1s conmigo.<\/p>\n<p>Incluye:<br \/>\nLibro Digital: aprende a comer en 8 semanas, orientaci\u00f3n nutricional para una vida fitness.<\/p>\n<p>Asesor\u00eda: telegram ser\u00e1 nuestra v\u00eda para comunicarnos y aclarar dudas.<\/p>\n<p>Comunicaci\u00f3n: dos llamadas semanales de 20 min.<\/p>\n<p>Registro y evaluaci\u00f3n de progreso: conteo de calorias y macronutrientes. A trav\u00e9s de un documento de Google Drive, llevaremos registro diario de tu progreso, el cual evaluaremos semanalmente.<\/p>\n","protected":false},"featured_media":12523,"comment_status":"open","ping_status":"closed","template":"","meta":{"_et_pb_use_builder":"","_et_pb_old_content":"","_et_gb_content_width":""},"product_brand":[],"product_cat":[22],"product_tag":[],"class_list":{"0":"post-12522","1":"product","2":"type-product","3":"status-publish","4":"has-post-thumbnail","6":"product_cat-uncategorized","8":"first","9":"instock","10":"downloadable","11":"virtual","12":"sold-individually","13":"taxable","14":"purchasable","15":"product-type-simple"},"_links":{"self":[{"href":"https:\/\/karefitness.com\/en\/wp-json\/wp\/v2\/product\/12522","targetHints":{"allow":["GET"]}}],"collection":[{"href":"https:\/\/karefitness.com\/en\/wp-json\/wp\/v2\/product"}],"about":[{"href":"https:\/\/karefitness.com\/en\/wp-json\/wp\/v2\/types\/product"}],"replies":[{"embeddable":true,"href":"https:\/\/karefitness.com\/en\/wp-json\/wp\/v2\/comments?post=12522"}],"wp:featuredmedia":[{"embeddable":true,"href":"https:\/\/karefitness.com\/en\/wp-json\/wp\/v2\/media\/12523"}],"wp:attachment":[{"href":"https:\/\/karefitness.com\/en\/wp-json\/wp\/v2\/media?parent=12522"}],"wp:term":[{"taxonomy":"product_brand","embeddable":true,"href":"https:\/\/karefitness.com\/en\/wp-json\/wp\/v2\/product_brand?post=12522"},{"taxonomy":"product_cat","embeddable":true,"href":"https:\/\/karefitness.com\/en\/wp-json\/wp\/v2\/product_cat?post=12522"},{"taxonomy":"product_tag","embeddable":true,"href":"https:\/\/karefitness.com\/en\/wp-json\/wp\/v2\/product_tag?post=12522"}],"curies":[{"name":"wp","href":"https:\/\/api.w.org\/{rel}","templated":true}]}}