{"id":13290,"date":"2023-07-01T23:31:33","date_gmt":"2023-07-02T04:31:33","guid":{"rendered":"https:\/\/karefitness.com\/?post_type=product&#038;p=13290"},"modified":"2026-01-08T21:52:33","modified_gmt":"2026-01-09T02:52:33","slug":"clase-grupal","status":"publish","type":"product","link":"https:\/\/karefitness.com\/en\/product\/clase-grupal\/","title":{"rendered":"Clase Grupal &#8211; Clases Ilimitadas"},"content":{"rendered":"","protected":false},"excerpt":{"rendered":"<p><strong>Clases disponibles de Lunes a Viernes &#8211; 7:30 am, 9:00 am y 6:00 pm<\/strong><\/p>\n<p><strong><br \/>\n<\/strong><strong>Duraci\u00f3n: 45 min.<\/strong><\/p>\n<p><strong>Direcci\u00f3n: Cont\u00e1ctame para m\u00e1s informaci\u00f3n<\/strong><\/p>\n<p><strong>Las suscripciones incluyen acceso ilimitado a todas las clases.<\/strong><\/p>\n","protected":false},"featured_media":13489,"comment_status":"open","ping_status":"closed","template":"","meta":{"_et_pb_use_builder":"","_et_pb_old_content":"","_et_gb_content_width":""},"product_brand":[],"product_cat":[40],"product_tag":[],"class_list":{"0":"post-13290","1":"product","2":"type-product","3":"status-publish","4":"has-post-thumbnail","6":"product_cat-class","8":"first","9":"outofstock","10":"taxable","11":"shipping-taxable","12":"purchasable","13":"product-type-variable-subscription"},"_links":{"self":[{"href":"https:\/\/karefitness.com\/en\/wp-json\/wp\/v2\/product\/13290","targetHints":{"allow":["GET"]}}],"collection":[{"href":"https:\/\/karefitness.com\/en\/wp-json\/wp\/v2\/product"}],"about":[{"href":"https:\/\/karefitness.com\/en\/wp-json\/wp\/v2\/types\/product"}],"replies":[{"embeddable":true,"href":"https:\/\/karefitness.com\/en\/wp-json\/wp\/v2\/comments?post=13290"}],"wp:featuredmedia":[{"embeddable":true,"href":"https:\/\/karefitness.com\/en\/wp-json\/wp\/v2\/media\/13489"}],"wp:attachment":[{"href":"https:\/\/karefitness.com\/en\/wp-json\/wp\/v2\/media?parent=13290"}],"wp:term":[{"taxonomy":"product_brand","embeddable":true,"href":"https:\/\/karefitness.com\/en\/wp-json\/wp\/v2\/product_brand?post=13290"},{"taxonomy":"product_cat","embeddable":true,"href":"https:\/\/karefitness.com\/en\/wp-json\/wp\/v2\/product_cat?post=13290"},{"taxonomy":"product_tag","embeddable":true,"href":"https:\/\/karefitness.com\/en\/wp-json\/wp\/v2\/product_tag?post=13290"}],"curies":[{"name":"wp","href":"https:\/\/api.w.org\/{rel}","templated":true}]}}